{"id":453,"date":"2024-10-16T13:19:55","date_gmt":"2024-10-16T13:19:55","guid":{"rendered":"https:\/\/voyageparticulier.com\/?page_id=453"},"modified":"2024-12-09T15:07:30","modified_gmt":"2024-12-09T15:07:30","slug":"politiques-de-confidentialites","status":"publish","type":"page","link":"https:\/\/voyageparticulier.com\/en\/politiques-de-confidentialites\/","title":{"rendered":"Privacy Policies"},"content":{"rendered":"<div data-elementor-type=\"wp-page\" data-elementor-id=\"453\" class=\"elementor elementor-453\" data-elementor-post-type=\"page\">\n\t\t\t\t<div class=\"elementor-element elementor-element-bd04b56 e-flex e-con-boxed e-con e-parent\" data-id=\"bd04b56\" data-element_type=\"container\" data-e-type=\"container\">\n\t\t\t\t\t<div class=\"e-con-inner\">\n\t\t<div class=\"elementor-element elementor-element-3cda28a e-flex e-con-boxed e-con e-child\" data-id=\"3cda28a\" data-element_type=\"container\" data-e-type=\"container\">\n\t\t\t\t\t<div class=\"e-con-inner\">\n\t\t\t\t<div class=\"elementor-element elementor-element-1888798 elementor-widget elementor-widget-heading\" data-id=\"1888798\" data-element_type=\"widget\" data-e-type=\"widget\" data-widget_type=\"heading.default\">\n\t\t\t\t<div class=\"elementor-widget-container\">\n\t\t\t\t\t<h2 class=\"elementor-heading-title elementor-size-default\">Politique de Confidentialit\u00e9\n<\/h2>\t\t\t\t<\/div>\n\t\t\t\t<\/div>\n\t\t\t\t<div class=\"elementor-element elementor-element-8067674 elementor-widget elementor-widget-text-editor\" data-id=\"8067674\" data-element_type=\"widget\" data-e-type=\"widget\" data-widget_type=\"text-editor.default\">\n\t\t\t\t<div class=\"elementor-widget-container\">\n\t\t\t\t\t\t\t\t\t<p>La protection de vos donn\u00e9es personnelles est une priorit\u00e9 pour Voyage Particulier. Cette Politique de Confidentialit\u00e9 d\u00e9crit comment nous collectons, utilisons et prot\u00e9geons vos informations lorsque vous visitez notre site web voyageparticulier.com et lorsque vous nous fournissez des informations via nos formulaires.<\/p>\t\t\t\t\t\t\t\t<\/div>\n\t\t\t\t<\/div>\n\t\t\t\t\t<\/div>\n\t\t\t\t<\/div>\n\t\t<div class=\"elementor-element elementor-element-74cf8bc e-con-full e-flex e-con e-child\" data-id=\"74cf8bc\" data-element_type=\"container\" data-e-type=\"container\">\n\t\t\t\t<div class=\"elementor-element elementor-element-6813bbe elementor-widget elementor-widget-heading\" data-id=\"6813bbe\" data-element_type=\"widget\" data-e-type=\"widget\" data-widget_type=\"heading.default\">\n\t\t\t\t<div class=\"elementor-widget-container\">\n\t\t\t\t\t<h2 class=\"elementor-heading-title elementor-size-default\">1. Pr\u00e9ambule\n<\/h2>\t\t\t\t<\/div>\n\t\t\t\t<\/div>\n\t\t\t\t<div class=\"elementor-element elementor-element-2fa8c66 elementor-widget elementor-widget-text-editor\" data-id=\"2fa8c66\" data-element_type=\"widget\" data-e-type=\"widget\" data-widget_type=\"text-editor.default\">\n\t\t\t\t<div class=\"elementor-widget-container\">\n\t\t\t\t\t\t\t\t\t<p><b>La pr\u00e9sente politique de confidentialit\u00e9 a pour but d\u2019informer les utilisateurs du site :<\/b><\/p><ul><li>Sur la mani\u00e8re dont sont collect\u00e9es leurs donn\u00e9es personnelles. Sont consid\u00e9r\u00e9es comme des donn\u00e9es personnelles, toute information permettant d\u2019identifier un utilisateur. A ce titre, il peut s\u2019agir : de ses noms et pr\u00e9noms, de son \u00e2ge, de son adresse postale ou email, de sa localisation ou encore de son adresse IP (liste non-exhaustive) ;<\/li><li>Sur les droits dont ils disposent concernant ces donn\u00e9es ; \u00a0<\/li><li>Sur la personne responsable du traitement des donn\u00e9es \u00e0 caract\u00e8re personnel collect\u00e9es et trait\u00e9es ; \u00a0<\/li><li>Sur les destinataires de ces donn\u00e9es personnelles ; \u00a0<\/li><li>Sur la politique du site en mati\u00e8re de cookies. \u00a0<\/li><\/ul>\t\t\t\t\t\t\t\t<\/div>\n\t\t\t\t<\/div>\n\t\t\t\t<\/div>\n\t\t<div class=\"elementor-element elementor-element-eff632f e-con-full e-flex e-con e-child\" data-id=\"eff632f\" data-element_type=\"container\" data-e-type=\"container\">\n\t\t\t\t<div class=\"elementor-element elementor-element-1efe6e9 elementor-widget elementor-widget-heading\" data-id=\"1efe6e9\" data-element_type=\"widget\" data-e-type=\"widget\" data-widget_type=\"heading.default\">\n\t\t\t\t<div class=\"elementor-widget-container\">\n\t\t\t\t\t<h2 class=\"elementor-heading-title elementor-size-default\">2. Principes relatifs \u00e0 la collecte et au traitement des donn\u00e9es personnelles\n<\/h2>\t\t\t\t<\/div>\n\t\t\t\t<\/div>\n\t\t\t\t<div class=\"elementor-element elementor-element-9a8e688 elementor-widget elementor-widget-text-editor\" data-id=\"9a8e688\" data-element_type=\"widget\" data-e-type=\"widget\" data-widget_type=\"text-editor.default\">\n\t\t\t\t<div class=\"elementor-widget-container\">\n\t\t\t\t\t\t\t\t\t<p><b>Conform\u00e9ment \u00e0 l\u2019article 5 du R\u00e8glement europ\u00e9en 2016\/679, les donn\u00e9es \u00e0 caract\u00e8re personnel sont :<\/b><\/p><ul><li>Trait\u00e9es de mani\u00e8re licite, loyale et transparente au regard de la personne concern\u00e9e ;<\/li><li>Collect\u00e9es pour des finalit\u00e9s d\u00e9termin\u00e9es (cf. Article 3.1 des pr\u00e9sentes), explicites et l\u00e9gitimes, et ne pas \u00eatre trait\u00e9es ult\u00e9rieurement d\u2019une mani\u00e8re incompatible avec ces finalit\u00e9s;<\/li><li>Ad\u00e9quates, pertinentes et limit\u00e9es \u00e0 ce qui est n\u00e9cessaire au regard des finalit\u00e9s pour lesquelles elles sont trait\u00e9es;<\/li><li>Exactes et, si n\u00e9cessaire, tenues \u00e0 jour. Toutes les mesures raisonnables doivent \u00eatre prises pour que les donn\u00e9es \u00e0 caract\u00e8re personnel qui sont inexactes, eu \u00e9gard aux finalit\u00e9s pour lesquelles elles sont trait\u00e9es, soient effac\u00e9es ou rectifi\u00e9es sans tarder ;<\/li><li>Conserv\u00e9es sous une forme permettant l\u2019identification des personnes concern\u00e9es pendant une dur\u00e9e n\u2019exc\u00e9dant pas celle n\u00e9cessaire au regard des finalit\u00e9s pour lesquelles elles sont trait\u00e9es;<\/li><li>Trait\u00e9es de fa\u00e7on \u00e0 garantir une s\u00e9curit\u00e9 appropri\u00e9e des donn\u00e9es collect\u00e9es, y compris la protection contre le traitement non autoris\u00e9 ou illicite et contre la perte, la destruction ou les d\u00e9g\u00e2ts d\u2019origine accidentelle, \u00e0 l\u2019aide de mesures techniques ou organisationnelles appropri\u00e9es.<\/li><\/ul><p><strong>Le traitement n\u2019est licite que si, et dans la mesure o\u00f9, au moins une des conditions suivantes est remplie :<\/strong><\/p><ul><li>La personne concern\u00e9e a consenti au traitement de ses donn\u00e9es \u00e0 caract\u00e8re personnel pour une ou plusieurs finalit\u00e9s sp\u00e9cifiques;<\/li><li>Le traitement est n\u00e9cessaire \u00e0 l\u2019ex\u00e9cution d\u2019un contrat auquel la personne concern\u00e9e est partie ou \u00e0 l\u2019ex\u00e9cution de mesures pr\u00e9contractuelles prises \u00e0 la demande de celle-ci;<\/li><li>Le traitement est n\u00e9cessaire au respect d\u2019une obligation l\u00e9gale \u00e0 laquelle le responsable du traitement est soumis;<\/li><li>Le traitement est n\u00e9cessaire \u00e0 la sauvegarde des int\u00e9r\u00eats vitaux de la personne concern\u00e9e ou d\u2019une autre personne physique;<\/li><li>Le traitement est n\u00e9cessaire \u00e0 l\u2019ex\u00e9cution d\u2019une mission d\u2019int\u00e9r\u00eat public ou relevant de l\u2019exercice de l\u2019autorit\u00e9 publique dont est investi le responsable du traitement;<\/li><li>Le traitement est n\u00e9cessaire aux fins des int\u00e9r\u00eats l\u00e9gitimes poursuivis par le responsable du traitement ou par un tiers, \u00e0 moins que ne pr\u00e9valent les int\u00e9r\u00eats ou les libert\u00e9s et droits fondamentaux de la personne concern\u00e9e qui exigent une protection des donn\u00e9es \u00e0 caract\u00e8re personnel, notamment lorsque la personne concern\u00e9e est un enfant.<\/li><\/ul>\t\t\t\t\t\t\t\t<\/div>\n\t\t\t\t<\/div>\n\t\t\t\t<\/div>\n\t\t<div class=\"elementor-element elementor-element-0c97e19 e-con-full e-flex e-con e-child\" data-id=\"0c97e19\" data-element_type=\"container\" data-e-type=\"container\">\n\t\t\t\t<div class=\"elementor-element elementor-element-aae7329 elementor-widget elementor-widget-heading\" data-id=\"aae7329\" data-element_type=\"widget\" data-e-type=\"widget\" data-widget_type=\"heading.default\">\n\t\t\t\t<div class=\"elementor-widget-container\">\n\t\t\t\t\t<h2 class=\"elementor-heading-title elementor-size-default\">3. Donn\u00e9es \u00e0 caract\u00e8re personnel collect\u00e9es et trait\u00e9es dans le cadre de la navigation sur le site\n<\/h2>\t\t\t\t<\/div>\n\t\t\t\t<\/div>\n\t\t\t\t<div class=\"elementor-element elementor-element-c88f9ad elementor-widget elementor-widget-text-editor\" data-id=\"c88f9ad\" data-element_type=\"widget\" data-e-type=\"widget\" data-widget_type=\"text-editor.default\">\n\t\t\t\t<div class=\"elementor-widget-container\">\n\t\t\t\t\t\t\t\t\t<p>Nous mettons en place des mesures de s\u00e9curit\u00e9 appropri\u00e9es pour prot\u00e9ger vos informations personnelles contre tout acc\u00e8s non autoris\u00e9, toute divulgation, toute alt\u00e9ration ou toute destruction. Cependant, veuillez noter qu\u2019aucune m\u00e9thode de transmission ou de stockage de donn\u00e9es sur internet n\u2019est totalement s\u00e9curis\u00e9e.<\/p><p><strong>3.1. Donn\u00e9es collect\u00e9es<\/strong><\/p><ul><li>Les donn\u00e9es personnelles collect\u00e9es dans le cadre de notre activit\u00e9 sont les suivantes : <br \/>Adresses ip \u00e0 des fins statistiques pour l\u2019am\u00e9lioration de l\u2019exp\u00e9rience utilisateur sur notre site.<\/li><li>Nom, Pr\u00e9nom, Mail, t\u00e9l\u00e9phone, fonction pour la r\u00e9ponse aux un besoins d\u2019informations soumises via notre site.<\/li><\/ul><p><strong>3.2. Mode de collecte des donn\u00e9es<\/strong><\/p><p>Lorsque vous utilisez le site, votre ip est automatique collect\u00e9e via l\u2019utilisation de cookies. Les autres informations sont collect\u00e9es via le formulaire de contact.<\/p><p><strong>3.3. H\u00e9bergement des donn\u00e9es<\/strong><\/p><p>Le site voyageparticulier.com est h\u00e9berg\u00e9 par : Hostinger, 61 Lordou Virinos Street, 6023 Larnaca, Chypre.e ici<\/p>\t\t\t\t\t\t\t\t<\/div>\n\t\t\t\t<\/div>\n\t\t\t\t<\/div>\n\t\t<div class=\"elementor-element elementor-element-3f8ad6d e-con-full e-flex e-con e-child\" data-id=\"3f8ad6d\" data-element_type=\"container\" data-e-type=\"container\">\n\t\t\t\t<div class=\"elementor-element elementor-element-6c680b9 elementor-widget elementor-widget-heading\" data-id=\"6c680b9\" data-element_type=\"widget\" data-e-type=\"widget\" data-widget_type=\"heading.default\">\n\t\t\t\t<div class=\"elementor-widget-container\">\n\t\t\t\t\t<h2 class=\"elementor-heading-title elementor-size-default\">4. Responsable du traitement des donn\u00e9es et d\u00e9l\u00e9gu\u00e9 \u00e0 la protection des donn\u00e9es :\n<\/h2>\t\t\t\t<\/div>\n\t\t\t\t<\/div>\n\t\t\t\t<div class=\"elementor-element elementor-element-bd4c77d elementor-widget elementor-widget-text-editor\" data-id=\"bd4c77d\" data-element_type=\"widget\" data-e-type=\"widget\" data-widget_type=\"text-editor.default\">\n\t\t\t\t<div class=\"elementor-widget-container\">\n\t\t\t\t\t\t\t\t\t<p><strong>4.1. Responsable du traitement des donn\u00e9es<\/strong><\/p><p>Les donn\u00e9es \u00e0 caract\u00e8re personnelles sont collect\u00e9es par Voyage Particulier. Le responsable du traitement des donn\u00e9es \u00e0 caract\u00e8re personnel peut \u00eatre contact\u00e9 de la mani\u00e8re suivante : Par mail \u00e0 l\u2019adresse : contact@voyageparticulier.com ; Par t\u00e9l\u00e9phone, au +33649 81 30 86.<\/p><p><strong>4.2. Le d\u00e9l\u00e9gu\u00e9 \u00e0 la protection des donn\u00e9es<\/strong><\/p><p>Le d\u00e9l\u00e9gu\u00e9 \u00e0 la protection des donn\u00e9es de l\u2019entreprise ou du responsable est : Charbel CHOUFANI, contact@voyageparticulier.com. Si vous estimez, apr\u00e8s nous avoir contact\u00e9s, que vos droits \u201cInformatique et Libert\u00e9s\u201d, ne sont pas respect\u00e9s, vous pouvez adresser une information \u00e0 la CNIL.<\/p>\t\t\t\t\t\t\t\t<\/div>\n\t\t\t\t<\/div>\n\t\t\t\t<\/div>\n\t\t<div class=\"elementor-element elementor-element-02296b2 e-con-full e-flex e-con e-child\" data-id=\"02296b2\" data-element_type=\"container\" data-e-type=\"container\">\n\t\t\t\t<div class=\"elementor-element elementor-element-b415013 elementor-widget elementor-widget-heading\" data-id=\"b415013\" data-element_type=\"widget\" data-e-type=\"widget\" data-widget_type=\"heading.default\">\n\t\t\t\t<div class=\"elementor-widget-container\">\n\t\t\t\t\t<h2 class=\"elementor-heading-title elementor-size-default\">5. Les droits de l'utilisateur en mati\u00e8re de collecte et de traitement des donn\u00e9es\n<\/h2>\t\t\t\t<\/div>\n\t\t\t\t<\/div>\n\t\t\t\t<div class=\"elementor-element elementor-element-afc3b03 elementor-widget elementor-widget-text-editor\" data-id=\"afc3b03\" data-element_type=\"widget\" data-e-type=\"widget\" data-widget_type=\"text-editor.default\">\n\t\t\t\t<div class=\"elementor-widget-container\">\n\t\t\t\t\t\t\t\t\t<p>Tout utilisateur concern\u00e9 par le traitement de ses donn\u00e9es personnelles peut se pr\u00e9valoir des droits suivants, en application du r\u00e8glement europ\u00e9en 2016\/679 et de la Loi Informatique et Libert\u00e9 (Loi 78-17 du 6 janvier 1978) :<\/p><ul><li>Droit d\u2019acc\u00e8s, de rectification et droit \u00e0 l\u2019effacement des donn\u00e9es (pos\u00e9s respectivement aux articles 15, 16 et 17 du RGPD);<\/li><li>Droit \u00e0 la portabilit\u00e9 des donn\u00e9es (article 20 du RGPD);<\/li><li>Droit \u00e0 la limitation (article 18 du RGPD) et \u00e0 l\u2019opposition du traitement des donn\u00e9es (article 21 du RGPD);<\/li><li>Droit de ne pas faire l\u2019objet d\u2019une d\u00e9cision fond\u00e9e exclusivement sur un proc\u00e9d\u00e9 automatis\u00e9;<\/li><li>Droit de d\u00e9terminer le sort des donn\u00e9es apr\u00e8s la mort;<\/li><li>Droit de saisir l\u2019autorit\u00e9 de contr\u00f4le comp\u00e9tente (article 77 du RGPD).<\/li><\/ul><p>Pour exercer vos droits, veuillez adresser votre mail \u00e0 contact@<span style=\"color: var( --e-global-color-0e901cc ); text-align: var(--text-align); background-color: var( --e-global-color-primary );\">voyageparticulier<\/span><span style=\"color: var( --e-global-color-0e901cc ); text-align: var(--text-align); background-color: var( --e-global-color-primary );\">.com.<\/span><\/p><p>Afin que le responsable du traitement des donn\u00e9es puisse faire droit \u00e0 sa demande, l\u2019utilisateur peut \u00eatre tenu de lui communiquer certaines informations telles que : ses noms et pr\u00e9noms, son adresse e-mail ainsi que son num\u00e9ro de compte, d\u2019espace personnel ou d\u2019abonn\u00e9.<\/p><p>Consultez le site cnil.fr pour plus d\u2019informations sur vos droits.<\/p>\t\t\t\t\t\t\t\t<\/div>\n\t\t\t\t<\/div>\n\t\t\t\t<\/div>\n\t\t<div class=\"elementor-element elementor-element-977b54a e-con-full e-flex e-con e-child\" data-id=\"977b54a\" data-element_type=\"container\" data-e-type=\"container\">\n\t\t\t\t<div class=\"elementor-element elementor-element-911938d elementor-widget elementor-widget-heading\" data-id=\"911938d\" data-element_type=\"widget\" data-e-type=\"widget\" data-widget_type=\"heading.default\">\n\t\t\t\t<div class=\"elementor-widget-container\">\n\t\t\t\t\t<h2 class=\"elementor-heading-title elementor-size-default\">6. Conditions de modification de la politique de confidentialit\u00e9\n<\/h2>\t\t\t\t<\/div>\n\t\t\t\t<\/div>\n\t\t\t\t<div class=\"elementor-element elementor-element-600646c elementor-widget elementor-widget-text-editor\" data-id=\"600646c\" data-element_type=\"widget\" data-e-type=\"widget\" data-widget_type=\"text-editor.default\">\n\t\t\t\t<div class=\"elementor-widget-container\">\n\t\t\t\t\t\t\t\t\t<p>L\u2019\u00e9diteur du site voyageparticulier.com se r\u00e9serve le droit de pouvoir modifier la pr\u00e9sente Politique \u00e0 tout moment afin d\u2019assurer aux utilisateurs du site sa conformit\u00e9 avec le droit en vigueur.<\/p>\n<p>Les \u00e9ventuelles modifications ne sauraient avoir d\u2019incidence sur les achats ant\u00e9rieurement effectu\u00e9s sur le site, lesquels restent soumis \u00e0 la Politique en vigueur au moment de l\u2019achat et telle qu\u2019accept\u00e9e par l\u2019utilisateur lors de la validation de l\u2019achat.<\/p>\n<p>L\u2019utilisateur est invit\u00e9 \u00e0 prendre connaissance de cette Politique \u00e0 chaque fois qu\u2019il utilise nos services, sans qu\u2019il soit n\u00e9cessaire de l\u2019en pr\u00e9venir formellement.<\/p>\n<p>La pr\u00e9sente politique, \u00e9dit\u00e9e le 15\/10\/2024, a \u00e9t\u00e9 mise \u00e0 jour le 15\/10\/2024.<\/p>\t\t\t\t\t\t\t\t<\/div>\n\t\t\t\t<\/div>\n\t\t\t\t<\/div>\n\t\t\t\t\t<\/div>\n\t\t\t\t<\/div>\n\t\t\t\t<\/div>","protected":false},"excerpt":{"rendered":"<p>Politique de Confidentialit\u00e9 La protection de vos donn\u00e9es personnelles est une priorit\u00e9 pour Voyage Particulier. Cette Politique de Confidentialit\u00e9 d\u00e9crit comment nous collectons, utilisons et prot\u00e9geons vos informations lorsque vous visitez notre site web voyageparticulier.com et lorsque vous nous fournissez des informations via nos formulaires. 1. Pr\u00e9ambule La pr\u00e9sente politique de confidentialit\u00e9 a pour but [&hellip;]<\/p>\n","protected":false},"author":1,"featured_media":0,"parent":0,"menu_order":0,"comment_status":"closed","ping_status":"closed","template":"","meta":{"footnotes":""},"class_list":["post-453","page","type-page","status-publish","hentry"],"_links":{"self":[{"href":"https:\/\/voyageparticulier.com\/en\/wp-json\/wp\/v2\/pages\/453","targetHints":{"allow":["GET"]}}],"collection":[{"href":"https:\/\/voyageparticulier.com\/en\/wp-json\/wp\/v2\/pages"}],"about":[{"href":"https:\/\/voyageparticulier.com\/en\/wp-json\/wp\/v2\/types\/page"}],"author":[{"embeddable":true,"href":"https:\/\/voyageparticulier.com\/en\/wp-json\/wp\/v2\/users\/1"}],"replies":[{"embeddable":true,"href":"https:\/\/voyageparticulier.com\/en\/wp-json\/wp\/v2\/comments?post=453"}],"version-history":[{"count":19,"href":"https:\/\/voyageparticulier.com\/en\/wp-json\/wp\/v2\/pages\/453\/revisions"}],"predecessor-version":[{"id":743,"href":"https:\/\/voyageparticulier.com\/en\/wp-json\/wp\/v2\/pages\/453\/revisions\/743"}],"wp:attachment":[{"href":"https:\/\/voyageparticulier.com\/en\/wp-json\/wp\/v2\/media?parent=453"}],"curies":[{"name":"wp","href":"https:\/\/api.w.org\/{rel}","templated":true}]}}