{"id":463,"date":"2024-10-16T13:48:33","date_gmt":"2024-10-16T13:48:33","guid":{"rendered":"https:\/\/voyageparticulier.com\/?page_id=463"},"modified":"2024-12-17T07:43:38","modified_gmt":"2024-12-17T07:43:38","slug":"mentions-legales","status":"publish","type":"page","link":"https:\/\/voyageparticulier.com\/en\/mentions-legales\/","title":{"rendered":"Legal notices"},"content":{"rendered":"<div data-elementor-type=\"wp-page\" data-elementor-id=\"463\" class=\"elementor elementor-463\" data-elementor-post-type=\"page\">\n\t\t\t\t<div class=\"elementor-element elementor-element-bcd42ab e-flex e-con-boxed e-con e-parent\" data-id=\"bcd42ab\" data-element_type=\"container\" data-e-type=\"container\">\n\t\t\t\t\t<div class=\"e-con-inner\">\n\t\t\t\t<div class=\"elementor-element elementor-element-8ad9067 elementor-widget elementor-widget-heading\" data-id=\"8ad9067\" data-element_type=\"widget\" data-e-type=\"widget\" data-widget_type=\"heading.default\">\n\t\t\t\t<div class=\"elementor-widget-container\">\n\t\t\t\t\t<h2 class=\"elementor-heading-title elementor-size-default\">Legal notices<\/h2>\t\t\t\t<\/div>\n\t\t\t\t<\/div>\n\t\t<div class=\"elementor-element elementor-element-c7c5586 e-con-full e-flex e-con e-child\" data-id=\"c7c5586\" data-element_type=\"container\" data-e-type=\"container\">\n\t\t\t\t<div class=\"elementor-element elementor-element-9611fbd elementor-widget elementor-widget-heading\" data-id=\"9611fbd\" data-element_type=\"widget\" data-e-type=\"widget\" data-widget_type=\"heading.default\">\n\t\t\t\t<div class=\"elementor-widget-container\">\n\t\t\t\t\t<h2 class=\"elementor-heading-title elementor-size-default\">\u00c9diteur du site\n<\/h2>\t\t\t\t<\/div>\n\t\t\t\t<\/div>\n\t\t\t\t<div class=\"elementor-element elementor-element-0ecff6b elementor-widget elementor-widget-text-editor\" data-id=\"0ecff6b\" data-element_type=\"widget\" data-e-type=\"widget\" data-widget_type=\"text-editor.default\">\n\t\t\t\t<div class=\"elementor-widget-container\">\n\t\t\t\t\t\t\t\t\t<p>Voyage Particulier<\/p><p>6 chemin du Talabar<br \/>74290, Veyrier-du-Lac<\/p><p>+33(6) 49 81 30 86<br \/>contact@voyageparticulier.com<\/p>\t\t\t\t\t\t\t\t<\/div>\n\t\t\t\t<\/div>\n\t\t\t\t<\/div>\n\t\t<div class=\"elementor-element elementor-element-98adb20 e-con-full e-flex e-con e-child\" data-id=\"98adb20\" data-element_type=\"container\" data-e-type=\"container\">\n\t\t\t\t<div class=\"elementor-element elementor-element-341b1a7 elementor-widget elementor-widget-heading\" data-id=\"341b1a7\" data-element_type=\"widget\" data-e-type=\"widget\" data-widget_type=\"heading.default\">\n\t\t\t\t<div class=\"elementor-widget-container\">\n\t\t\t\t\t<h2 class=\"elementor-heading-title elementor-size-default\">H\u00e9bergement\n<\/h2>\t\t\t\t<\/div>\n\t\t\t\t<\/div>\n\t\t\t\t<div class=\"elementor-element elementor-element-98ceb26 elementor-widget elementor-widget-text-editor\" data-id=\"98ceb26\" data-element_type=\"widget\" data-e-type=\"widget\" data-widget_type=\"text-editor.default\">\n\t\t\t\t<div class=\"elementor-widget-container\">\n\t\t\t\t\t\t\t\t\t<p>Le site est h\u00e9berg\u00e9 par Hostinger<br \/>61 Lordou Virinos Streer, 6023 Larnaca, Chypre<\/p>\t\t\t\t\t\t\t\t<\/div>\n\t\t\t\t<\/div>\n\t\t\t\t<\/div>\n\t\t<div class=\"elementor-element elementor-element-e7e9eeb e-con-full e-flex e-con e-child\" data-id=\"e7e9eeb\" data-element_type=\"container\" data-e-type=\"container\">\n\t\t\t\t<div class=\"elementor-element elementor-element-bb3c62f elementor-widget elementor-widget-heading\" data-id=\"bb3c62f\" data-element_type=\"widget\" data-e-type=\"widget\" data-widget_type=\"heading.default\">\n\t\t\t\t<div class=\"elementor-widget-container\">\n\t\t\t\t\t<h2 class=\"elementor-heading-title elementor-size-default\">Propri\u00e9t\u00e9 intellectuelle\n<\/h2>\t\t\t\t<\/div>\n\t\t\t\t<\/div>\n\t\t\t\t<div class=\"elementor-element elementor-element-0bb66c0 elementor-widget elementor-widget-text-editor\" data-id=\"0bb66c0\" data-element_type=\"widget\" data-e-type=\"widget\" data-widget_type=\"text-editor.default\">\n\t\t\t\t<div class=\"elementor-widget-container\">\n\t\t\t\t\t\t\t\t\t<p>Le contenu du site voyageparticulier.com (textes, images, vid\u00e9os, etc.) est prot\u00e9g\u00e9 par les lois sur la propri\u00e9t\u00e9 intellectuelle et appartient \u00e0 \u201cvoyage particulier\u201d. Toute reproduction, repr\u00e9sentation, diffusion ou exploitation de ce contenu est strictement interdite sans autorisation pr\u00e9alable.<\/p>\t\t\t\t\t\t\t\t<\/div>\n\t\t\t\t<\/div>\n\t\t\t\t<\/div>\n\t\t<div class=\"elementor-element elementor-element-d877eea e-con-full e-flex e-con e-child\" data-id=\"d877eea\" data-element_type=\"container\" data-e-type=\"container\">\n\t\t\t\t<div class=\"elementor-element elementor-element-ea01ec5 elementor-widget elementor-widget-heading\" data-id=\"ea01ec5\" data-element_type=\"widget\" data-e-type=\"widget\" data-widget_type=\"heading.default\">\n\t\t\t\t<div class=\"elementor-widget-container\">\n\t\t\t\t\t<h2 class=\"elementor-heading-title elementor-size-default\">Donn\u00e9es personnelles\n<\/h2>\t\t\t\t<\/div>\n\t\t\t\t<\/div>\n\t\t\t\t<div class=\"elementor-element elementor-element-2e08525 elementor-widget elementor-widget-heading\" data-id=\"2e08525\" data-element_type=\"widget\" data-e-type=\"widget\" data-widget_type=\"heading.default\">\n\t\t\t\t<div class=\"elementor-widget-container\">\n\t\t\t\t\t<h2 class=\"elementor-heading-title elementor-size-default\">La soci\u00e9t\u00e9 \u201c<span>voyage particulier<\/span>\u201d s\u2019engage \u00e0 prot\u00e9ger la vie priv\u00e9e des utilisateurs de son site web. Pour plus d\u2019informations sur la collecte et le traitement des donn\u00e9es personnelles, veuillez consulter notre Politique de Confidentialit\u00e9.\n\n<\/h2>\t\t\t\t<\/div>\n\t\t\t\t<\/div>\n\t\t\t\t<\/div>\n\t\t<div class=\"elementor-element elementor-element-36f9184 e-con-full e-flex e-con e-child\" data-id=\"36f9184\" data-element_type=\"container\" data-e-type=\"container\">\n\t\t\t\t<div class=\"elementor-element elementor-element-818441f elementor-widget elementor-widget-heading\" data-id=\"818441f\" data-element_type=\"widget\" data-e-type=\"widget\" data-widget_type=\"heading.default\">\n\t\t\t\t<div class=\"elementor-widget-container\">\n\t\t\t\t\t<h2 class=\"elementor-heading-title elementor-size-default\">Cookie\n<\/h2>\t\t\t\t<\/div>\n\t\t\t\t<\/div>\n\t\t\t\t<div class=\"elementor-element elementor-element-ef97030 elementor-widget elementor-widget-heading\" data-id=\"ef97030\" data-element_type=\"widget\" data-e-type=\"widget\" data-widget_type=\"heading.default\">\n\t\t\t\t<div class=\"elementor-widget-container\">\n\t\t\t\t\t<h2 class=\"elementor-heading-title elementor-size-default\">Le site <span>voyageparticulier<\/span>.com utilise des cookies pour am\u00e9liorer l\u2019exp\u00e9rience utilisateur. En naviguant sur ce site, vous consentez \u00e0 l\u2019utilisation de cookies conform\u00e9ment \u00e0 notre Politique de Cookies.\n<\/h2>\t\t\t\t<\/div>\n\t\t\t\t<\/div>\n\t\t\t\t<\/div>\n\t\t<div class=\"elementor-element elementor-element-321ed6c e-con-full e-flex e-con e-child\" data-id=\"321ed6c\" data-element_type=\"container\" data-e-type=\"container\">\n\t\t\t\t<div class=\"elementor-element elementor-element-c4b4e70 elementor-widget elementor-widget-heading\" data-id=\"c4b4e70\" data-element_type=\"widget\" data-e-type=\"widget\" data-widget_type=\"heading.default\">\n\t\t\t\t<div class=\"elementor-widget-container\">\n\t\t\t\t\t<h2 class=\"elementor-heading-title elementor-size-default\">Liens externes\n<\/h2>\t\t\t\t<\/div>\n\t\t\t\t<\/div>\n\t\t\t\t<div class=\"elementor-element elementor-element-d88d176 elementor-widget elementor-widget-heading\" data-id=\"d88d176\" data-element_type=\"widget\" data-e-type=\"widget\" data-widget_type=\"heading.default\">\n\t\t\t\t<div class=\"elementor-widget-container\">\n\t\t\t\t\t<h2 class=\"elementor-heading-title elementor-size-default\">Le site <span>voyageparticulier<\/span>.com peut contenir des liens vers des sites web tiers. La soci\u00e9t\u00e9 \u201c<span>voyage particulier<\/span>\u201d n\u2019est pas responsable du contenu de ces sites externes ni des \u00e9ventuels dommages caus\u00e9s par leur utilisation.\n\n<\/h2>\t\t\t\t<\/div>\n\t\t\t\t<\/div>\n\t\t\t\t<\/div>\n\t\t<div class=\"elementor-element elementor-element-7caa29c e-con-full e-flex e-con e-child\" data-id=\"7caa29c\" data-element_type=\"container\" data-e-type=\"container\">\n\t\t\t\t<div class=\"elementor-element elementor-element-05d9820 elementor-widget elementor-widget-heading\" data-id=\"05d9820\" data-element_type=\"widget\" data-e-type=\"widget\" data-widget_type=\"heading.default\">\n\t\t\t\t<div class=\"elementor-widget-container\">\n\t\t\t\t\t<h2 class=\"elementor-heading-title elementor-size-default\">Droit applicable\n<\/h2>\t\t\t\t<\/div>\n\t\t\t\t<\/div>\n\t\t\t\t<div class=\"elementor-element elementor-element-203b79b elementor-widget elementor-widget-heading\" data-id=\"203b79b\" data-element_type=\"widget\" data-e-type=\"widget\" data-widget_type=\"heading.default\">\n\t\t\t\t<div class=\"elementor-widget-container\">\n\t\t\t\t\t<h2 class=\"elementor-heading-title elementor-size-default\">Le pr\u00e9sent site est soumis au droit fran\u00e7ais. En cas de litige, les tribunaux d\u2019Annecy seront seuls comp\u00e9tents.\n<\/h2>\t\t\t\t<\/div>\n\t\t\t\t<\/div>\n\t\t\t\t<\/div>\n\t\t<div class=\"elementor-element elementor-element-5fc79cc e-con-full e-flex e-con e-child\" data-id=\"5fc79cc\" data-element_type=\"container\" data-e-type=\"container\">\n\t\t\t\t<div class=\"elementor-element elementor-element-b8bd714 elementor-widget elementor-widget-heading\" data-id=\"b8bd714\" data-element_type=\"widget\" data-e-type=\"widget\" data-widget_type=\"heading.default\">\n\t\t\t\t<div class=\"elementor-widget-container\">\n\t\t\t\t\t<h2 class=\"elementor-heading-title elementor-size-default\">Cr\u00e9dit\n<\/h2>\t\t\t\t<\/div>\n\t\t\t\t<\/div>\n\t\t\t\t<div class=\"elementor-element elementor-element-5536a5d elementor-widget elementor-widget-heading\" data-id=\"5536a5d\" data-element_type=\"widget\" data-e-type=\"widget\" data-widget_type=\"heading.default\">\n\t\t\t\t<div class=\"elementor-widget-container\">\n\t\t\t\t\t<h2 class=\"elementor-heading-title elementor-size-default\">Le site <span>voyageparticulier.com<\/span> a \u00e9t\u00e9 r\u00e9alis\u00e9 par BZZ Studio.\n<\/h2>\t\t\t\t<\/div>\n\t\t\t\t<\/div>\n\t\t\t\t<\/div>\n\t\t\t\t\t<\/div>\n\t\t\t\t<\/div>\n\t\t\t\t<\/div>","protected":false},"excerpt":{"rendered":"<p>Mentions l\u00e9gales \u00c9diteur du site Voyage Particulier 6 chemin du Talabar74290, Veyrier-du-Lac +33(6) 49 81 30 86contact@voyageparticulier.com H\u00e9bergement Le site est h\u00e9berg\u00e9 par Hostinger61 Lordou Virinos Streer, 6023 Larnaca, Chypre Propri\u00e9t\u00e9 intellectuelle Le contenu du site voyageparticulier.com (textes, images, vid\u00e9os, etc.) est prot\u00e9g\u00e9 par les lois sur la propri\u00e9t\u00e9 intellectuelle et appartient \u00e0 \u201cvoyage particulier\u201d. [&hellip;]<\/p>\n","protected":false},"author":1,"featured_media":0,"parent":0,"menu_order":0,"comment_status":"closed","ping_status":"closed","template":"","meta":{"footnotes":""},"class_list":["post-463","page","type-page","status-publish","hentry"],"_links":{"self":[{"href":"https:\/\/voyageparticulier.com\/en\/wp-json\/wp\/v2\/pages\/463","targetHints":{"allow":["GET"]}}],"collection":[{"href":"https:\/\/voyageparticulier.com\/en\/wp-json\/wp\/v2\/pages"}],"about":[{"href":"https:\/\/voyageparticulier.com\/en\/wp-json\/wp\/v2\/types\/page"}],"author":[{"embeddable":true,"href":"https:\/\/voyageparticulier.com\/en\/wp-json\/wp\/v2\/users\/1"}],"replies":[{"embeddable":true,"href":"https:\/\/voyageparticulier.com\/en\/wp-json\/wp\/v2\/comments?post=463"}],"version-history":[{"count":16,"href":"https:\/\/voyageparticulier.com\/en\/wp-json\/wp\/v2\/pages\/463\/revisions"}],"predecessor-version":[{"id":752,"href":"https:\/\/voyageparticulier.com\/en\/wp-json\/wp\/v2\/pages\/463\/revisions\/752"}],"wp:attachment":[{"href":"https:\/\/voyageparticulier.com\/en\/wp-json\/wp\/v2\/media?parent=463"}],"curies":[{"name":"wp","href":"https:\/\/api.w.org\/{rel}","templated":true}]}}